{"id":759,"date":"2022-08-30T10:10:30","date_gmt":"2022-08-30T08:10:30","guid":{"rendered":"https:\/\/ecomaterials.web-craft.dev\/miljovennlige-materialer\/"},"modified":"2025-06-17T12:58:06","modified_gmt":"2025-06-17T10:58:06","slug":"miljovennlige-materialer","status":"publish","type":"page","link":"https:\/\/ecomaterials.no\/no\/","title":{"rendered":"Eco Materials"},"content":{"rendered":"[vc_row type=&raquo;full_width_content&raquo; full_screen_row_position=&raquo;middle&raquo; column_margin=&raquo;default&raquo; equal_height=&raquo;yes&raquo; content_placement=&raquo;middle&raquo; column_direction=&raquo;default&raquo; column_direction_tablet=&raquo;default&raquo; column_direction_phone=&raquo;default&raquo; scene_position=&raquo;center&raquo; text_color=&raquo;dark&raquo; text_align=&raquo;left&raquo; row_border_radius=&raquo;none&raquo; row_border_radius_applies=&raquo;bg&raquo; overflow=&raquo;visible&raquo; overlay_strength=&raquo;0.3&#8243; gradient_direction=&raquo;left_to_right&raquo; shape_divider_position=&raquo;bottom&raquo; bg_image_animation=&raquo;none&raquo; gradient_type=&raquo;default&raquo; shape_type=&raquo;&raquo;][vc_column column_padding=&raquo;no-extra-padding&raquo; column_padding_tablet=&raquo;inherit&raquo; column_padding_phone=&raquo;inherit&raquo; column_padding_position=&raquo;all&raquo; column_element_direction_desktop=&raquo;default&raquo; column_element_spacing=&raquo;default&raquo; desktop_text_alignment=&raquo;default&raquo; tablet_text_alignment=&raquo;default&raquo; phone_text_alignment=&raquo;default&raquo; background_color_opacity=&raquo;1&#8243; background_hover_color_opacity=&raquo;1&#8243; column_backdrop_filter=&raquo;none&raquo; column_shadow=&raquo;none&raquo; column_border_radius=&raquo;none&raquo; column_link_target=&raquo;_self&raquo; column_position=&raquo;default&raquo; gradient_direction=&raquo;left_to_right&raquo; overlay_strength=&raquo;0.3&#8243; width=&raquo;3\/5&#8243; tablet_width_inherit=&raquo;default&raquo; animation_type=&raquo;default&raquo; bg_image_animation=&raquo;none&raquo; border_type=&raquo;simple&raquo; column_border_width=&raquo;none&raquo; column_border_style=&raquo;solid&raquo;][image_with_animation image_url=&raquo;1032&#8243; image_size=&raquo;full&raquo; max_width=&raquo;100%&raquo; max_width_mobile=&raquo;default&raquo; animation_type=&raquo;entrance&raquo; animation=&raquo;None&raquo; animation_movement_type=&raquo;transform_y&raquo; hover_animation=&raquo;none&raquo; alignment=&raquo;&raquo; border_radius=&raquo;none&raquo; box_shadow=&raquo;none&raquo; image_loading=&raquo;default&raquo;][\/vc_column][vc_column column_padding=&raquo;padding-4-percent&raquo; column_padding_tablet=&raquo;inherit&raquo; column_padding_phone=&raquo;inherit&raquo; column_padding_position=&raquo;all&raquo; column_element_direction_desktop=&raquo;default&raquo; column_element_spacing=&raquo;default&raquo; centered_text=&raquo;true&raquo; desktop_text_alignment=&raquo;default&raquo; tablet_text_alignment=&raquo;default&raquo; phone_text_alignment=&raquo;default&raquo; background_color=&raquo;#104862&#8243; background_color_opacity=&raquo;1&#8243; background_hover_color_opacity=&raquo;1&#8243; column_backdrop_filter=&raquo;none&raquo; font_color=&raquo;#ffffff&raquo; column_shadow=&raquo;none&raquo; column_border_radius=&raquo;none&raquo; column_link_target=&raquo;_self&raquo; column_position=&raquo;default&raquo; gradient_direction=&raquo;left_to_right&raquo; overlay_strength=&raquo;0.3&#8243; width=&raquo;2\/5&#8243; tablet_width_inherit=&raquo;default&raquo; animation_type=&raquo;default&raquo; bg_image_animation=&raquo;none&raquo; border_type=&raquo;simple&raquo; column_border_width=&raquo;none&raquo; column_border_style=&raquo;solid&raquo; column_padding_type=&raquo;default&raquo; gradient_type=&raquo;default&raquo;][vc_column_text css=&raquo;&raquo; text_direction=&raquo;default&raquo;]\n<h1>Fra avfall til r\u00e5varer med AI-drevet separasjons teknologi<\/h1>\n[\/vc_column_text][\/vc_column][\/vc_row][vc_row type=&raquo;full_width_content&raquo; full_screen_row_position=&raquo;middle&raquo; column_margin=&raquo;none&raquo; column_direction=&raquo;default&raquo; column_direction_tablet=&raquo;default&raquo; column_direction_phone=&raquo;default&raquo; bg_color=&raquo;#f0f5f9&#8243; scene_position=&raquo;center&raquo; text_color=&raquo;custom&raquo; text_align=&raquo;left&raquo; row_border_radius=&raquo;none&raquo; row_border_radius_applies=&raquo;bg&raquo; overflow=&raquo;visible&raquo; overlay_strength=&raquo;0.8&#8243; gradient_direction=&raquo;top_to_bottom&raquo; shape_divider_color=&raquo;#ffffff&raquo; shape_divider_position=&raquo;bottom&raquo; shape_divider_height=&raquo;46%&raquo; bg_image_animation=&raquo;none&raquo; shape_type=&raquo;straight_section&raquo; gradient_type=&raquo;default&raquo;][vc_column column_padding=&raquo;no-extra-padding&raquo; column_padding_tablet=&raquo;inherit&raquo; column_padding_phone=&raquo;inherit&raquo; column_padding_position=&raquo;top-bottom&raquo; top_margin=&raquo;-20&#8243; column_element_direction_desktop=&raquo;default&raquo; column_element_spacing=&raquo;0px&raquo; desktop_text_alignment=&raquo;default&raquo; tablet_text_alignment=&raquo;default&raquo; phone_text_alignment=&raquo;default&raquo; background_color_opacity=&raquo;1&#8243; background_hover_color_opacity=&raquo;1&#8243; column_backdrop_filter=&raquo;none&raquo; column_shadow=&raquo;none&raquo; column_border_radius=&raquo;none&raquo; column_link_target=&raquo;_self&raquo; column_position=&raquo;default&raquo; gradient_direction=&raquo;radial&raquo; overlay_strength=&raquo;0.3&#8243; width=&raquo;1\/1&#8243; tablet_width_inherit=&raquo;default&raquo; animation_type=&raquo;default&raquo; bg_image_animation=&raquo;none&raquo; border_type=&raquo;simple&raquo; column_border_width=&raquo;none&raquo; column_border_style=&raquo;solid&raquo; offset=&raquo;vc_hidden-lg vc_hidden-md&raquo;][\/vc_column][\/vc_row][vc_row type=&raquo;full_width_background&raquo; full_screen_row_position=&raquo;middle&raquo; column_margin=&raquo;none&raquo; column_direction=&raquo;default&raquo; column_direction_tablet=&raquo;default&raquo; column_direction_phone=&raquo;default&raquo; bg_color=&raquo;#f0f5f9&#8243; scene_position=&raquo;center&raquo; top_padding=&raquo;2%&raquo; bottom_padding=&raquo;3%&raquo; text_color=&raquo;custom&raquo; text_align=&raquo;left&raquo; row_border_radius=&raquo;none&raquo; row_border_radius_applies=&raquo;bg&raquo; overflow=&raquo;visible&raquo; overlay_strength=&raquo;0.8&#8243; gradient_direction=&raquo;top_to_bottom&raquo; shape_divider_color=&raquo;#ffffff&raquo; shape_divider_position=&raquo;bottom&raquo; shape_divider_height=&raquo;46%&raquo; bg_image_animation=&raquo;none&raquo; shape_type=&raquo;straight_section&raquo; gradient_type=&raquo;default&raquo;][vc_column column_padding=&raquo;no-extra-padding&raquo; column_padding_tablet=&raquo;inherit&raquo; column_padding_phone=&raquo;inherit&raquo; column_padding_position=&raquo;top-bottom&raquo; column_element_direction_desktop=&raquo;default&raquo; column_element_spacing=&raquo;0px&raquo; desktop_text_alignment=&raquo;default&raquo; tablet_text_alignment=&raquo;default&raquo; phone_text_alignment=&raquo;default&raquo; background_color_opacity=&raquo;1&#8243; background_hover_color_opacity=&raquo;1&#8243; column_backdrop_filter=&raquo;none&raquo; column_shadow=&raquo;none&raquo; column_border_radius=&raquo;none&raquo; column_link_target=&raquo;_self&raquo; column_position=&raquo;default&raquo; gradient_direction=&raquo;radial&raquo; overlay_strength=&raquo;0.3&#8243; width=&raquo;3\/5&#8243; tablet_width_inherit=&raquo;default&raquo; animation_type=&raquo;default&raquo; bg_image_animation=&raquo;none&raquo; border_type=&raquo;simple&raquo; column_border_width=&raquo;none&raquo; column_border_style=&raquo;solid&raquo; column_padding_type=&raquo;default&raquo; gradient_type=&raquo;default&raquo;][vc_row_inner column_margin=&raquo;default&raquo; column_direction=&raquo;default&raquo; column_direction_tablet=&raquo;default&raquo; column_direction_phone=&raquo;default&raquo; top_padding=&raquo;8%&raquo; bottom_padding=&raquo;5%&raquo; text_align=&raquo;left&raquo; row_position=&raquo;default&raquo; row_position_tablet=&raquo;inherit&raquo; row_position_phone=&raquo;inherit&raquo; overflow=&raquo;visible&raquo; pointer_events=&raquo;all&raquo;][vc_column_inner column_padding=&raquo;no-extra-padding&raquo; column_padding_tablet=&raquo;inherit&raquo; column_padding_phone=&raquo;inherit&raquo; column_padding_position=&raquo;all&raquo; left_margin=&raquo;10&#8243; right_margin=&raquo;10&#8243; column_element_direction_desktop=&raquo;default&raquo; column_element_spacing=&raquo;0px&raquo; desktop_text_alignment=&raquo;default&raquo; tablet_text_alignment=&raquo;default&raquo; phone_text_alignment=&raquo;default&raquo; background_color_opacity=&raquo;1&#8243; background_hover_color_opacity=&raquo;1&#8243; column_backdrop_filter=&raquo;none&raquo; column_shadow=&raquo;none&raquo; column_border_radius=&raquo;none&raquo; column_link_target=&raquo;_self&raquo; overflow=&raquo;visible&raquo; gradient_direction=&raquo;left_to_right&raquo; overlay_strength=&raquo;0.3&#8243; width=&raquo;1\/1&#8243; tablet_width_inherit=&raquo;default&raquo; animation_type=&raquo;default&raquo; enable_animation=&raquo;true&raquo; animation=&raquo;fade-in&raquo; animation_easing=&raquo;default&raquo; bg_image_animation=&raquo;none&raquo; border_type=&raquo;simple&raquo; column_border_width=&raquo;none&raquo; column_border_style=&raquo;solid&raquo; column_padding_type=&raquo;default&raquo; gradient_type=&raquo;default&raquo; animation_offset=&raquo;90%&raquo;][nectar_highlighted_text scribble_color=&raquo;#728653&#8243; style=&raquo;scribble&raquo; scribble_shape=&raquo;basic-underline&raquo; scribble_thickness=&raquo;regular&raquo; scribble_speed=&raquo;1.8s&raquo; scribble_easing=&raquo;ease_in_out&raquo; id=&raquo;circle-highlight2&#8243; font_line_height=&raquo;1.6&#8243; text_direction=&raquo;default&raquo;]<strong>eco materials AI-arkitektur og sorteringsmaskiner<\/strong> er utviklet for \u00e5 effektivt skille r\u00e5materialer fra avfallsstr\u00f8mmer. Vi tilbyr nyskapende teknologi og prosesser for \u00e5 hente ut disse r\u00e5materialene, sammen med n\u00f8dvendig dokumentasjon for \u00e5 overholde end-of-waste krav.<\/p>\n<p><strong>V\u00e5rt FoU-team jobber med operat\u00f8rer av sorteringsanlegg<\/strong> for \u00e5 bygge sm\u00e5skala sorteringslinjer som minimerer drifts- og logistikkostnader og muliggj\u00f8r salg av gjenvunne r\u00e5materialer.[\/nectar_highlighted_text][\/vc_column_inner][\/vc_row_inner][\/vc_column][vc_column column_padding=&raquo;no-extra-padding&raquo; column_padding_tablet=&raquo;inherit&raquo; column_padding_phone=&raquo;inherit&raquo; column_padding_position=&raquo;all&raquo; column_element_direction_desktop=&raquo;default&raquo; column_element_spacing=&raquo;default&raquo; desktop_text_alignment=&raquo;center&raquo; tablet_text_alignment=&raquo;default&raquo; phone_text_alignment=&raquo;default&raquo; background_color_opacity=&raquo;1&#8243; background_hover_color_opacity=&raquo;1&#8243; column_backdrop_filter=&raquo;none&raquo; column_shadow=&raquo;none&raquo; column_border_radius=&raquo;none&raquo; column_link_target=&raquo;_self&raquo; column_position=&raquo;default&raquo; gradient_direction=&raquo;left_to_right&raquo; overlay_strength=&raquo;0.3&#8243; width=&raquo;2\/5&#8243; tablet_width_inherit=&raquo;default&raquo; animation_type=&raquo;default&raquo; bg_image_animation=&raquo;none&raquo; border_type=&raquo;simple&raquo; column_border_width=&raquo;none&raquo; column_border_style=&raquo;solid&raquo; column_padding_type=&raquo;default&raquo; gradient_type=&raquo;default&raquo;][image_with_animation image_url=&raquo;1043&#8243; image_size=&raquo;full&raquo; max_width=&raquo;100%&raquo; max_width_mobile=&raquo;default&raquo; animation_type=&raquo;entrance&raquo; animation=&raquo;None&raquo; animation_movement_type=&raquo;transform_y&raquo; hover_animation=&raquo;none&raquo; alignment=&raquo;&raquo; border_radius=&raquo;none&raquo; box_shadow=&raquo;none&raquo; image_loading=&raquo;default&raquo;][\/vc_column][\/vc_row]\n","protected":false},"excerpt":{"rendered":"<p>[vc_row type=&raquo;full_width_content&raquo; full_screen_row_position=&raquo;middle&raquo; column_margin=&raquo;default&raquo; equal_height=&raquo;yes&raquo; content_placement=&raquo;middle&raquo; column_direction=&raquo;default&raquo; column_direction_tablet=&raquo;default&raquo; column_direction_phone=&raquo;default&raquo; scene_position=&raquo;center&raquo; text_color=&raquo;dark&raquo; text_align=&raquo;left&raquo; row_border_radius=&raquo;none&raquo; row_border_radius_applies=&raquo;bg&raquo; overflow=&raquo;visible&raquo; overlay_strength=&raquo;0.3&#8243; gradient_direction=&raquo;left_to_right&raquo; shape_divider_position=&raquo;bottom&raquo; bg_image_animation=&raquo;none&raquo; gradient_type=&raquo;default&raquo; shape_type=&raquo;&raquo;][vc_column column_padding=&raquo;no-extra-padding&raquo; column_padding_tablet=&raquo;inherit&raquo; column_padding_phone=&raquo;inherit&raquo; column_padding_position=&raquo;all&raquo; column_element_direction_desktop=&raquo;default&raquo; column_element_spacing=&raquo;default&raquo; desktop_text_alignment=&raquo;default&raquo; tablet_text_alignment=&raquo;default&raquo; phone_text_alignment=&raquo;default&raquo;&#8230;<\/p>\n","protected":false},"author":1,"featured_media":0,"parent":0,"menu_order":0,"comment_status":"closed","ping_status":"closed","template":"","meta":{"footnotes":""},"class_list":["post-759","page","type-page","status-publish"],"yoast_head":"<!-- This site is optimized with the Yoast SEO plugin v24.9 - https:\/\/yoast.com\/wordpress\/plugins\/seo\/ -->\n<title>Eco Materials - Sirkul\u00e6r \u00f8konomi og b\u00e6rekraft drevet av kunstig intelligens<\/title>\n<meta name=\"description\" content=\"Eco Materials - omdanner alt treavfall til et nytt r\u00e5materiale, noe som muliggj\u00f8r en b\u00e6rekraftig bruk av treprodukter.\" \/>\n<meta name=\"robots\" content=\"index, follow, max-snippet:-1, max-image-preview:large, max-video-preview:-1\" \/>\n<link rel=\"canonical\" href=\"https:\/\/ecomaterials.no\/no\/\" \/>\n<meta property=\"og:locale\" content=\"nb_NO\" \/>\n<meta property=\"og:type\" content=\"article\" \/>\n<meta property=\"og:title\" content=\"Eco Materials - Sirkul\u00e6r \u00f8konomi og b\u00e6rekraft drevet av kunstig intelligens\" \/>\n<meta property=\"og:description\" content=\"Eco Materials - omdanner alt treavfall til et nytt r\u00e5materiale, noe som muliggj\u00f8r en b\u00e6rekraftig bruk av treprodukter.\" \/>\n<meta property=\"og:url\" content=\"https:\/\/ecomaterials.no\/no\/\" \/>\n<meta property=\"og:site_name\" content=\"Eco Materials\" \/>\n<meta property=\"article:modified_time\" content=\"2025-06-17T10:58:06+00:00\" \/>\n<meta name=\"twitter:card\" content=\"summary_large_image\" \/>\n<meta name=\"twitter:label1\" content=\"Ansl. lesetid\" \/>\n\t<meta name=\"twitter:data1\" content=\"1 minutt\" \/>\n<script type=\"application\/ld+json\" class=\"yoast-schema-graph\">{\"@context\":\"https:\/\/schema.org\",\"@graph\":[{\"@type\":\"WebPage\",\"@id\":\"https:\/\/ecomaterials.no\/no\/\",\"url\":\"https:\/\/ecomaterials.no\/no\/\",\"name\":\"Eco Materials - Sirkul\u00e6r \u00f8konomi og b\u00e6rekraft drevet av kunstig intelligens\",\"isPartOf\":{\"@id\":\"https:\/\/ecomaterials.no\/no\/#website\"},\"datePublished\":\"2022-08-30T08:10:30+00:00\",\"dateModified\":\"2025-06-17T10:58:06+00:00\",\"description\":\"Eco Materials - omdanner alt treavfall til et nytt r\u00e5materiale, noe som muliggj\u00f8r en b\u00e6rekraftig bruk av treprodukter.\",\"breadcrumb\":{\"@id\":\"https:\/\/ecomaterials.no\/no\/#breadcrumb\"},\"inLanguage\":\"nb-NO\",\"potentialAction\":[{\"@type\":\"ReadAction\",\"target\":[\"https:\/\/ecomaterials.no\/no\/\"]}]},{\"@type\":\"BreadcrumbList\",\"@id\":\"https:\/\/ecomaterials.no\/no\/#breadcrumb\",\"itemListElement\":[{\"@type\":\"ListItem\",\"position\":1,\"name\":\"Hjem\",\"item\":\"https:\/\/ecomaterials.no\/no\/\"},{\"@type\":\"ListItem\",\"position\":2,\"name\":\"Eco Materials\"}]},{\"@type\":\"WebSite\",\"@id\":\"https:\/\/ecomaterials.no\/no\/#website\",\"url\":\"https:\/\/ecomaterials.no\/no\/\",\"name\":\"Eco Materials\",\"description\":\"Circular economy and sustainability driven by AI\",\"potentialAction\":[{\"@type\":\"SearchAction\",\"target\":{\"@type\":\"EntryPoint\",\"urlTemplate\":\"https:\/\/ecomaterials.no\/no\/?s={search_term_string}\"},\"query-input\":{\"@type\":\"PropertyValueSpecification\",\"valueRequired\":true,\"valueName\":\"search_term_string\"}}],\"inLanguage\":\"nb-NO\"}]}<\/script>\n<!-- \/ Yoast SEO plugin. -->","yoast_head_json":{"title":"Eco Materials - Sirkul\u00e6r \u00f8konomi og b\u00e6rekraft drevet av kunstig intelligens","description":"Eco Materials - omdanner alt treavfall til et nytt r\u00e5materiale, noe som muliggj\u00f8r en b\u00e6rekraftig bruk av treprodukter.","robots":{"index":"index","follow":"follow","max-snippet":"max-snippet:-1","max-image-preview":"max-image-preview:large","max-video-preview":"max-video-preview:-1"},"canonical":"https:\/\/ecomaterials.no\/no\/","og_locale":"nb_NO","og_type":"article","og_title":"Eco Materials - Sirkul\u00e6r \u00f8konomi og b\u00e6rekraft drevet av kunstig intelligens","og_description":"Eco Materials - omdanner alt treavfall til et nytt r\u00e5materiale, noe som muliggj\u00f8r en b\u00e6rekraftig bruk av treprodukter.","og_url":"https:\/\/ecomaterials.no\/no\/","og_site_name":"Eco Materials","article_modified_time":"2025-06-17T10:58:06+00:00","twitter_card":"summary_large_image","twitter_misc":{"Ansl. lesetid":"1 minutt"},"schema":{"@context":"https:\/\/schema.org","@graph":[{"@type":"WebPage","@id":"https:\/\/ecomaterials.no\/no\/","url":"https:\/\/ecomaterials.no\/no\/","name":"Eco Materials - Sirkul\u00e6r \u00f8konomi og b\u00e6rekraft drevet av kunstig intelligens","isPartOf":{"@id":"https:\/\/ecomaterials.no\/no\/#website"},"datePublished":"2022-08-30T08:10:30+00:00","dateModified":"2025-06-17T10:58:06+00:00","description":"Eco Materials - omdanner alt treavfall til et nytt r\u00e5materiale, noe som muliggj\u00f8r en b\u00e6rekraftig bruk av treprodukter.","breadcrumb":{"@id":"https:\/\/ecomaterials.no\/no\/#breadcrumb"},"inLanguage":"nb-NO","potentialAction":[{"@type":"ReadAction","target":["https:\/\/ecomaterials.no\/no\/"]}]},{"@type":"BreadcrumbList","@id":"https:\/\/ecomaterials.no\/no\/#breadcrumb","itemListElement":[{"@type":"ListItem","position":1,"name":"Hjem","item":"https:\/\/ecomaterials.no\/no\/"},{"@type":"ListItem","position":2,"name":"Eco Materials"}]},{"@type":"WebSite","@id":"https:\/\/ecomaterials.no\/no\/#website","url":"https:\/\/ecomaterials.no\/no\/","name":"Eco Materials","description":"Circular economy and sustainability driven by AI","potentialAction":[{"@type":"SearchAction","target":{"@type":"EntryPoint","urlTemplate":"https:\/\/ecomaterials.no\/no\/?s={search_term_string}"},"query-input":{"@type":"PropertyValueSpecification","valueRequired":true,"valueName":"search_term_string"}}],"inLanguage":"nb-NO"}]}},"_links":{"self":[{"href":"https:\/\/ecomaterials.no\/no\/wp-json\/wp\/v2\/pages\/759","targetHints":{"allow":["GET"]}}],"collection":[{"href":"https:\/\/ecomaterials.no\/no\/wp-json\/wp\/v2\/pages"}],"about":[{"href":"https:\/\/ecomaterials.no\/no\/wp-json\/wp\/v2\/types\/page"}],"author":[{"embeddable":true,"href":"https:\/\/ecomaterials.no\/no\/wp-json\/wp\/v2\/users\/1"}],"replies":[{"embeddable":true,"href":"https:\/\/ecomaterials.no\/no\/wp-json\/wp\/v2\/comments?post=759"}],"version-history":[{"count":18,"href":"https:\/\/ecomaterials.no\/no\/wp-json\/wp\/v2\/pages\/759\/revisions"}],"predecessor-version":[{"id":1091,"href":"https:\/\/ecomaterials.no\/no\/wp-json\/wp\/v2\/pages\/759\/revisions\/1091"}],"wp:attachment":[{"href":"https:\/\/ecomaterials.no\/no\/wp-json\/wp\/v2\/media?parent=759"}],"curies":[{"name":"wp","href":"https:\/\/api.w.org\/{rel}","templated":true}]}}